{"id":3311,"date":"2025-06-25T07:56:10","date_gmt":"2025-06-25T07:56:10","guid":{"rendered":"https:\/\/rechtsanwalt-legit.at\/05_impressum\/"},"modified":"2025-10-12T21:20:47","modified_gmt":"2025-10-12T21:20:47","slug":"05_impressum","status":"publish","type":"page","link":"https:\/\/rechtsanwalt-legit.at\/uk\/05_impressum\/","title":{"rendered":"05_\u0412\u0438\u0445\u0456\u0434\u043d\u0456 \u0434\u0430\u043d\u0456"},"content":{"rendered":"\t\t<div data-elementor-type=\"wp-page\" data-elementor-id=\"3311\" class=\"elementor elementor-3311 elementor-2661\" data-elementor-post-type=\"page\">\n\t\t\t\t<div class=\"elementor-element elementor-element-76040cb e-flex e-con-boxed qodef-elementor-content-no e-con e-parent\" data-id=\"76040cb\" data-element_type=\"container\">\n\t\t\t\t\t<div class=\"e-con-inner\">\n\t\t<div class=\"elementor-element elementor-element-703e94b e-flex e-con-boxed qodef-elementor-content-no e-con e-child\" data-id=\"703e94b\" data-element_type=\"container\" data-settings=\"{&quot;background_background&quot;:&quot;classic&quot;}\">\n\t\t\t\t\t<div class=\"e-con-inner\">\n\t\t\t\t<div class=\"elementor-element elementor-element-84c7cd7 elementor-widget__width-auto elementor-invisible elementor-widget elementor-widget-text-editor\" data-id=\"84c7cd7\" data-element_type=\"widget\" data-settings=\"{&quot;_animation&quot;:&quot;fadeInDown&quot;}\" data-widget_type=\"text-editor.default\">\n\t\t\t\t<div class=\"elementor-widget-container\">\n\t\t\t\t\t\t\t\t\t<p>\u0412\u0438\u0445\u0456\u0434\u043d\u0456_\u0434\u0430\u043d\u0456<\/p>\t\t\t\t\t\t\t\t<\/div>\n\t\t\t\t<\/div>\n\t\t\t\t<div class=\"elementor-element elementor-element-096d32c elementor-widget elementor-widget-text-editor\" data-id=\"096d32c\" data-element_type=\"widget\" data-widget_type=\"text-editor.default\">\n\t\t\t\t<div class=\"elementor-widget-container\">\n\t\t\t\t\t\t\t\t\t<p><em>Informationspflicht laut \u00a75 E-Commerce Gesetz, \u00a714 Unternehmensgesetzbuch,\u2028 \u00a763 Gewerbeordnung und Offenlegungspflicht laut \u00a725 Mediengesetz.<\/em><\/p>\n<p>\u0410\u0434\u0432\u043e\u043a\u0430\u0442 \u0434-\u0440 \u0424\u043b\u043e\u0440\u0456\u0430\u043d \u041b\u0435\u0433\u0456\u0442, MBL<br>\u0410\u043d\u0456\u0445\u0448\u0442\u0440\u0430\u0441\u0435 12<br>6020 \u0406\u043d\u0441\u0431\u0440\u0443\u043a<\/p>\n<p>Tel:+43 0512 552343<br>Fax: 0512 55234350<br>E-Mail: office@rechtsanwalt-legit.at<\/p>\n<p>Gesch\u00e4ftsf\u00fchrer\/Inhaber: RA Dr. Florian Legit, MBL<br>Unternehmensgr\u00fcndung: 04.02.2013<br>Gewerbe: Rechtsanwalt<br>UID-Nummer: ATU67738157<br>Kammer\/Berufsverband: Tiroler Rechtsanwaltskammer<\/p>\n<p>Bankverbindung:<br>Bank f\u00fcr Tirol und Vorarlberg AG<br>IBAN AT94 1600 0001 0704 9894<br>BIC BTVAAT22<\/p>\t\t\t\t\t\t\t\t<\/div>\n\t\t\t\t<\/div>\n\t\t\t\t<div class=\"elementor-element elementor-element-324dc70 elementor-widget-divider--view-line elementor-widget elementor-widget-divider\" data-id=\"324dc70\" data-element_type=\"widget\" data-widget_type=\"divider.default\">\n\t\t\t\t<div class=\"elementor-widget-container\">\n\t\t\t\t\t\t\t<div class=\"elementor-divider\">\n\t\t\t<span class=\"elementor-divider-separator\">\n\t\t\t\t\t\t<\/span>\n\t\t<\/div>\n\t\t\t\t\t\t<\/div>\n\t\t\t\t<\/div>\n\t\t\t\t<div class=\"elementor-element elementor-element-b17b8cd elementor-widget elementor-widget-text-editor\" data-id=\"b17b8cd\" data-element_type=\"widget\" data-widget_type=\"text-editor.default\">\n\t\t\t\t<div class=\"elementor-widget-container\">\n\t\t\t\t\t\t\t\t\t<p>Konzept, Webdesign, Fotos:<\/p><p>W9 Studios OG<br>Scheibeweg 127, 6072 Lans<br>Tel: <a href=\"tel:+436509901990\">+43 650 3071176<\/a><br>E-Mail: <a href=\"mailto:office@w9studios.com\">office@w9studios.com<\/a><br><a href=\"http:\/\/www.w9studios.com\/\">www.w9studios.com<\/a><\/p>\t\t\t\t\t\t\t\t<\/div>\n\t\t\t\t<\/div>\n\t\t\t\t<div class=\"elementor-element elementor-element-8869830 elementor-widget-divider--view-line elementor-widget elementor-widget-divider\" data-id=\"8869830\" data-element_type=\"widget\" data-widget_type=\"divider.default\">\n\t\t\t\t<div class=\"elementor-widget-container\">\n\t\t\t\t\t\t\t<div class=\"elementor-divider\">\n\t\t\t<span class=\"elementor-divider-separator\">\n\t\t\t\t\t\t<\/span>\n\t\t<\/div>\n\t\t\t\t\t\t<\/div>\n\t\t\t\t<\/div>\n\t\t\t\t\t<\/div>\n\t\t\t\t<\/div>\n\t\t\t\t\t<\/div>\n\t\t\t\t<\/div>\n\t\t<div class=\"elementor-element elementor-element-caed0f0 e-flex e-con-boxed qodef-elementor-content-no e-con e-parent\" data-id=\"caed0f0\" data-element_type=\"container\" data-settings=\"{&quot;background_background&quot;:&quot;classic&quot;}\">\n\t\t\t\t\t<div class=\"e-con-inner\">\n\t\t<div class=\"elementor-element elementor-element-0072afc e-flex e-con-boxed qodef-elementor-content-no e-con e-child\" data-id=\"0072afc\" data-element_type=\"container\">\n\t\t\t\t\t<div class=\"e-con-inner\">\n\t\t\t\t<div class=\"elementor-element elementor-element-6208dbc elementor-widget elementor-widget-text-editor\" data-id=\"6208dbc\" data-element_type=\"widget\" data-widget_type=\"text-editor.default\">\n\t\t\t\t<div class=\"elementor-widget-container\">\n\t\t\t\t\t\t\t\t\t<p>Allgemeine <span style=\"font-family: var( --e-global-typography-f7e7980-font-family ), Sans-serif; font-size: var( --e-global-typography-f7e7980-font-size ); letter-spacing: var( --e-global-typography-f7e7980-letter-spacing ); text-align: var(--text-align);\">Nutzungsbedingungen<\/span><\/p>\t\t\t\t\t\t\t\t<\/div>\n\t\t\t\t<\/div>\n\t\t\t\t<div class=\"elementor-element elementor-element-bc6ff6d elementor-widget__width-initial elementor-widget elementor-widget-text-editor\" data-id=\"bc6ff6d\" data-element_type=\"widget\" data-widget_type=\"text-editor.default\">\n\t\t\t\t<div class=\"elementor-widget-container\">\n\t\t\t\t\t\t\t\t\t<p><span style=\"text-decoration: underline;\">Haftungsausschluss<br>Obwohl die Seiten mit gr\u00f6\u00dfter Sorgfalt erstellt wurden, kann keine Gew\u00e4hr f\u00fcr die Richtigkeit, Vollst\u00e4ndigkeit und Aktualit\u00e4t der bereitgestellten Informationen \u00fcbernommen werden. Der Betreiber der Website bem\u00fcht sich darum, Fehler oder Irrt\u00fcmer zu berichtigen, wenn er Kenntnis davon erh\u00e4lt \u2013 danke f\u00fcr diesbez\u00fcgliche Hinweise. Es wird auch keine Gew\u00e4hr f\u00fcr die Verf\u00fcgbarkeit oder den Betrieb der gegenst\u00e4ndlichen Website und ihrer Inhalte \u00fcbernommen. Jede Haftung f\u00fcr unmittelbare, mittelbare oder sonstige Sch\u00e4den, unabh\u00e4ngig von deren Ursachen, die aus der Benutzung oder Nichtverf\u00fcgbarkeit der Website sowie der bereitgestellten Informationen auf dieser Website erwachsen, wird \u2013 soweit rechtlich zul\u00e4ssig \u2013 ausgeschlossen.<\/span>   <\/p><p><span style=\"text-decoration: underline;\">Copyright<br>Der Inhalt dieser Website ist urheberrechtlich gesch\u00fctzt. Die Informationen sind nur f\u00fcr die pers\u00f6nliche Verwendung bestimmt. Jede weitergehende Nutzung, insbesondere die Speicherung in Datenbanken, Vervielf\u00e4ltigung und jede Form von gewerblicher Nutzung sowie die Weitergabe an Dritte \u2013 auch in Teilen oder in \u00fcberarbeiteter Form, insbesondere von Fotos, Abbildungen und Texten \u2013 ohne Zustimmung des Betreibers der Website ist untersagt.<\/span>  <\/p><p><span style=\"text-decoration: underline;\">Haftung f\u00fcr Links<br>Diese Website kann Links zu externen Websites enthalten, jedoch hat der Betreiber der Website keinen Einfluss auf diese Zielseiten. Deshalb wird f\u00fcr diese fremden Inhalte auch keine Gew\u00e4hr \u00fcbernommen, daf\u00fcr ist stets der jeweilige Anbieter der Seiten verantwortlich.<\/span> <\/p>\t\t\t\t\t\t\t\t<\/div>\n\t\t\t\t<\/div>\n\t\t\t\t\t<\/div>\n\t\t\t\t<\/div>\n\t\t\t\t\t<\/div>\n\t\t\t\t<\/div>\n\t\t\t\t<\/div>\n\t\t","protected":false},"excerpt":{"rendered":"<p>\u0412\u0438\u0445\u0456\u0434\u043d\u0456_\u0434\u0430\u043d\u0456 Informationspflicht laut \u00a75 E-Commerce Gesetz, \u00a714 Unternehmensgesetzbuch,\u2028 \u00a763 Gewerbeordnung und Offenlegungspflicht laut \u00a725 Mediengesetz. \u0410\u0434\u0432\u043e\u043a\u0430\u0442 \u0434-\u0440 \u0424\u043b\u043e\u0440\u0456\u0430\u043d \u041b\u0435\u0433\u0456\u0442, MBL\u0410\u043d\u0456\u0445\u0448\u0442\u0440\u0430\u0441\u0435 126020 \u0406\u043d\u0441\u0431\u0440\u0443\u043a Tel:+43 0512 552343Fax: 0512 55234350E-Mail: office@rechtsanwalt-legit.at Gesch\u00e4ftsf\u00fchrer\/Inhaber: RA Dr. Florian Legit, MBLUnternehmensgr\u00fcndung: 04.02.2013Gewerbe: RechtsanwaltUID-Nummer: ATU67738157Kammer\/Berufsverband: Tiroler Rechtsanwaltskammer Bankverbindung:Bank f\u00fcr Tirol und Vorarlberg AGIBAN AT94 1600 0001 0704 9894BIC BTVAAT22 Konzept, Webdesign, Fotos: W9 [&hellip;]<\/p>\n","protected":false},"author":1,"featured_media":0,"parent":0,"menu_order":0,"comment_status":"closed","ping_status":"closed","template":"elementor_header_footer","meta":{"inline_featured_image":false,"footnotes":""},"class_list":["post-3311","page","type-page","status-publish","hentry"],"yoast_head":"<!-- This site is optimized with the Yoast SEO plugin v26.1.1 - https:\/\/yoast.com\/wordpress\/plugins\/seo\/ -->\n<title>05_\u0412\u0438\u0445\u0456\u0434\u043d\u0456 \u0434\u0430\u043d\u0456 | Rechtsanwalt Dr. Florian Legit<\/title>\n<meta name=\"robots\" content=\"index, follow, max-snippet:-1, max-image-preview:large, max-video-preview:-1\" \/>\n<link rel=\"canonical\" href=\"https:\/\/rechtsanwalt-legit.at\/uk\/05_impressum\/\" \/>\n<meta property=\"og:locale\" content=\"uk_UA\" \/>\n<meta property=\"og:type\" content=\"article\" \/>\n<meta property=\"og:title\" content=\"05_\u0412\u0438\u0445\u0456\u0434\u043d\u0456 \u0434\u0430\u043d\u0456 | Rechtsanwalt Dr. Florian Legit\" \/>\n<meta property=\"og:description\" content=\"\u0412\u0438\u0445\u0456\u0434\u043d\u0456_\u0434\u0430\u043d\u0456 Informationspflicht laut \u00a75 E-Commerce Gesetz, \u00a714 Unternehmensgesetzbuch,\u2028 \u00a763 Gewerbeordnung und Offenlegungspflicht laut \u00a725 Mediengesetz. \u0410\u0434\u0432\u043e\u043a\u0430\u0442 \u0434-\u0440 \u0424\u043b\u043e\u0440\u0456\u0430\u043d \u041b\u0435\u0433\u0456\u0442, MBL\u0410\u043d\u0456\u0445\u0448\u0442\u0440\u0430\u0441\u0435 126020 \u0406\u043d\u0441\u0431\u0440\u0443\u043a Tel:+43 0512 552343Fax: 0512 55234350E-Mail: office@rechtsanwalt-legit.at Gesch\u00e4ftsf\u00fchrer\/Inhaber: RA Dr. Florian Legit, MBLUnternehmensgr\u00fcndung: 04.02.2013Gewerbe: RechtsanwaltUID-Nummer: ATU67738157Kammer\/Berufsverband: Tiroler Rechtsanwaltskammer Bankverbindung:Bank f\u00fcr Tirol und Vorarlberg AGIBAN AT94 1600 0001 0704 9894BIC BTVAAT22 Konzept, Webdesign, Fotos: W9 [&hellip;]\" \/>\n<meta property=\"og:url\" content=\"https:\/\/rechtsanwalt-legit.at\/uk\/05_impressum\/\" \/>\n<meta property=\"og:site_name\" content=\"Rechtsanwalt Dr. Florian Legit\" \/>\n<meta property=\"article:publisher\" content=\"https:\/\/www.facebook.com\/www.legit.at\/\" \/>\n<meta property=\"article:modified_time\" content=\"2025-10-12T21:20:47+00:00\" \/>\n<meta property=\"og:image\" content=\"https:\/\/rechtsanwalt-legit.at\/wp-content\/uploads\/2025\/06\/RA_Legit_2025_0215-scaled.webp\" \/>\n\t<meta property=\"og:image:width\" content=\"2560\" \/>\n\t<meta property=\"og:image:height\" content=\"1708\" \/>\n\t<meta property=\"og:image:type\" content=\"image\/webp\" \/>\n<meta name=\"twitter:card\" content=\"summary_large_image\" \/>\n<meta name=\"twitter:label1\" content=\"\u041f\u0440\u0438\u0431\u043b. \u0447\u0430\u0441 \u0447\u0438\u0442\u0430\u043d\u043d\u044f\" \/>\n\t<meta name=\"twitter:data1\" content=\"1 \u0445\u0432\u0438\u043b\u0438\u043d\u0430\" \/>\n<script type=\"application\/ld+json\" class=\"yoast-schema-graph\">{\"@context\":\"https:\/\/schema.org\",\"@graph\":[{\"@type\":\"WebPage\",\"@id\":\"https:\/\/rechtsanwalt-legit.at\/uk\/05_impressum\/\",\"url\":\"https:\/\/rechtsanwalt-legit.at\/uk\/05_impressum\/\",\"name\":\"05_\u0412\u0438\u0445\u0456\u0434\u043d\u0456 \u0434\u0430\u043d\u0456 | Rechtsanwalt Dr. Florian Legit\",\"isPartOf\":{\"@id\":\"https:\/\/rechtsanwalt-legit.at\/uk\/#website\"},\"datePublished\":\"2025-06-25T07:56:10+00:00\",\"dateModified\":\"2025-10-12T21:20:47+00:00\",\"breadcrumb\":{\"@id\":\"https:\/\/rechtsanwalt-legit.at\/uk\/05_impressum\/#breadcrumb\"},\"inLanguage\":\"uk\",\"potentialAction\":[{\"@type\":\"ReadAction\",\"target\":[\"https:\/\/rechtsanwalt-legit.at\/uk\/05_impressum\/\"]}]},{\"@type\":\"BreadcrumbList\",\"@id\":\"https:\/\/rechtsanwalt-legit.at\/uk\/05_impressum\/#breadcrumb\",\"itemListElement\":[{\"@type\":\"ListItem\",\"position\":1,\"name\":\"Startseite\",\"item\":\"https:\/\/rechtsanwalt-legit.at\/uk\/01_%d1%83%d0%ba%d1%80%d0%b0%d1%97%d0%bd%d1%81%d1%8c%d0%ba%d0%b0\/\"},{\"@type\":\"ListItem\",\"position\":2,\"name\":\"05_\u0412\u0438\u0445\u0456\u0434\u043d\u0456 \u0434\u0430\u043d\u0456\"}]},{\"@type\":\"WebSite\",\"@id\":\"https:\/\/rechtsanwalt-legit.at\/uk\/#website\",\"url\":\"https:\/\/rechtsanwalt-legit.at\/uk\/\",\"name\":\"Rechtsanwalt Dr. Florian Legit\",\"description\":\"Rechtsanwalt in Innsbruck\",\"publisher\":{\"@id\":\"https:\/\/rechtsanwalt-legit.at\/uk\/#organization\"},\"alternateName\":\"Ihre Kanzlei f\u00fcr Vergaberecht, Vertragsrecht & Zivilrecht in Innsbruck\",\"potentialAction\":[{\"@type\":\"SearchAction\",\"target\":{\"@type\":\"EntryPoint\",\"urlTemplate\":\"https:\/\/rechtsanwalt-legit.at\/uk\/?s={search_term_string}\"},\"query-input\":{\"@type\":\"PropertyValueSpecification\",\"valueRequired\":true,\"valueName\":\"search_term_string\"}}],\"inLanguage\":\"uk\"},{\"@type\":\"Organization\",\"@id\":\"https:\/\/rechtsanwalt-legit.at\/uk\/#organization\",\"name\":\"Rechtsanwalt Dr. Florian Legit, MBL\",\"alternateName\":\"Rechtsanwaltskanzlei in Innsbruck\",\"url\":\"https:\/\/rechtsanwalt-legit.at\/uk\/\",\"logo\":{\"@type\":\"ImageObject\",\"inLanguage\":\"uk\",\"@id\":\"https:\/\/rechtsanwalt-legit.at\/uk\/#\/schema\/logo\/image\/\",\"url\":\"https:\/\/rechtsanwalt-legit.at\/wp-content\/uploads\/2025\/08\/cropped-LF_Logo_512x512.png\",\"contentUrl\":\"https:\/\/rechtsanwalt-legit.at\/wp-content\/uploads\/2025\/08\/cropped-LF_Logo_512x512.png\",\"width\":512,\"height\":512,\"caption\":\"Rechtsanwalt Dr. Florian Legit, MBL\"},\"image\":{\"@id\":\"https:\/\/rechtsanwalt-legit.at\/uk\/#\/schema\/logo\/image\/\"},\"sameAs\":[\"https:\/\/www.facebook.com\/www.legit.at\/\"]}]}<\/script>\n<!-- \/ Yoast SEO plugin. -->","yoast_head_json":{"title":"05_\u0412\u0438\u0445\u0456\u0434\u043d\u0456 \u0434\u0430\u043d\u0456 | Rechtsanwalt Dr. Florian Legit","robots":{"index":"index","follow":"follow","max-snippet":"max-snippet:-1","max-image-preview":"max-image-preview:large","max-video-preview":"max-video-preview:-1"},"canonical":"https:\/\/rechtsanwalt-legit.at\/uk\/05_impressum\/","og_locale":"uk_UA","og_type":"article","og_title":"05_\u0412\u0438\u0445\u0456\u0434\u043d\u0456 \u0434\u0430\u043d\u0456 | Rechtsanwalt Dr. Florian Legit","og_description":"\u0412\u0438\u0445\u0456\u0434\u043d\u0456_\u0434\u0430\u043d\u0456 Informationspflicht laut \u00a75 E-Commerce Gesetz, \u00a714 Unternehmensgesetzbuch,\u2028 \u00a763 Gewerbeordnung und Offenlegungspflicht laut \u00a725 Mediengesetz. \u0410\u0434\u0432\u043e\u043a\u0430\u0442 \u0434-\u0440 \u0424\u043b\u043e\u0440\u0456\u0430\u043d \u041b\u0435\u0433\u0456\u0442, MBL\u0410\u043d\u0456\u0445\u0448\u0442\u0440\u0430\u0441\u0435 126020 \u0406\u043d\u0441\u0431\u0440\u0443\u043a Tel:+43 0512 552343Fax: 0512 55234350E-Mail: office@rechtsanwalt-legit.at Gesch\u00e4ftsf\u00fchrer\/Inhaber: RA Dr. Florian Legit, MBLUnternehmensgr\u00fcndung: 04.02.2013Gewerbe: RechtsanwaltUID-Nummer: ATU67738157Kammer\/Berufsverband: Tiroler Rechtsanwaltskammer Bankverbindung:Bank f\u00fcr Tirol und Vorarlberg AGIBAN AT94 1600 0001 0704 9894BIC BTVAAT22 Konzept, Webdesign, Fotos: W9 [&hellip;]","og_url":"https:\/\/rechtsanwalt-legit.at\/uk\/05_impressum\/","og_site_name":"Rechtsanwalt Dr. Florian Legit","article_publisher":"https:\/\/www.facebook.com\/www.legit.at\/","article_modified_time":"2025-10-12T21:20:47+00:00","og_image":[{"width":2560,"height":1708,"url":"https:\/\/rechtsanwalt-legit.at\/wp-content\/uploads\/2025\/06\/RA_Legit_2025_0215-scaled.webp","type":"image\/webp"}],"twitter_card":"summary_large_image","twitter_misc":{"\u041f\u0440\u0438\u0431\u043b. \u0447\u0430\u0441 \u0447\u0438\u0442\u0430\u043d\u043d\u044f":"1 \u0445\u0432\u0438\u043b\u0438\u043d\u0430"},"schema":{"@context":"https:\/\/schema.org","@graph":[{"@type":"WebPage","@id":"https:\/\/rechtsanwalt-legit.at\/uk\/05_impressum\/","url":"https:\/\/rechtsanwalt-legit.at\/uk\/05_impressum\/","name":"05_\u0412\u0438\u0445\u0456\u0434\u043d\u0456 \u0434\u0430\u043d\u0456 | Rechtsanwalt Dr. Florian Legit","isPartOf":{"@id":"https:\/\/rechtsanwalt-legit.at\/uk\/#website"},"datePublished":"2025-06-25T07:56:10+00:00","dateModified":"2025-10-12T21:20:47+00:00","breadcrumb":{"@id":"https:\/\/rechtsanwalt-legit.at\/uk\/05_impressum\/#breadcrumb"},"inLanguage":"uk","potentialAction":[{"@type":"ReadAction","target":["https:\/\/rechtsanwalt-legit.at\/uk\/05_impressum\/"]}]},{"@type":"BreadcrumbList","@id":"https:\/\/rechtsanwalt-legit.at\/uk\/05_impressum\/#breadcrumb","itemListElement":[{"@type":"ListItem","position":1,"name":"Startseite","item":"https:\/\/rechtsanwalt-legit.at\/uk\/01_%d1%83%d0%ba%d1%80%d0%b0%d1%97%d0%bd%d1%81%d1%8c%d0%ba%d0%b0\/"},{"@type":"ListItem","position":2,"name":"05_\u0412\u0438\u0445\u0456\u0434\u043d\u0456 \u0434\u0430\u043d\u0456"}]},{"@type":"WebSite","@id":"https:\/\/rechtsanwalt-legit.at\/uk\/#website","url":"https:\/\/rechtsanwalt-legit.at\/uk\/","name":"Rechtsanwalt Dr. Florian Legit","description":"Rechtsanwalt in Innsbruck","publisher":{"@id":"https:\/\/rechtsanwalt-legit.at\/uk\/#organization"},"alternateName":"Ihre Kanzlei f\u00fcr Vergaberecht, Vertragsrecht & Zivilrecht in Innsbruck","potentialAction":[{"@type":"SearchAction","target":{"@type":"EntryPoint","urlTemplate":"https:\/\/rechtsanwalt-legit.at\/uk\/?s={search_term_string}"},"query-input":{"@type":"PropertyValueSpecification","valueRequired":true,"valueName":"search_term_string"}}],"inLanguage":"uk"},{"@type":"Organization","@id":"https:\/\/rechtsanwalt-legit.at\/uk\/#organization","name":"Rechtsanwalt Dr. Florian Legit, MBL","alternateName":"Rechtsanwaltskanzlei in Innsbruck","url":"https:\/\/rechtsanwalt-legit.at\/uk\/","logo":{"@type":"ImageObject","inLanguage":"uk","@id":"https:\/\/rechtsanwalt-legit.at\/uk\/#\/schema\/logo\/image\/","url":"https:\/\/rechtsanwalt-legit.at\/wp-content\/uploads\/2025\/08\/cropped-LF_Logo_512x512.png","contentUrl":"https:\/\/rechtsanwalt-legit.at\/wp-content\/uploads\/2025\/08\/cropped-LF_Logo_512x512.png","width":512,"height":512,"caption":"Rechtsanwalt Dr. Florian Legit, MBL"},"image":{"@id":"https:\/\/rechtsanwalt-legit.at\/uk\/#\/schema\/logo\/image\/"},"sameAs":["https:\/\/www.facebook.com\/www.legit.at\/"]}]}},"_links":{"self":[{"href":"https:\/\/rechtsanwalt-legit.at\/uk\/wp-json\/wp\/v2\/pages\/3311","targetHints":{"allow":["GET"]}}],"collection":[{"href":"https:\/\/rechtsanwalt-legit.at\/uk\/wp-json\/wp\/v2\/pages"}],"about":[{"href":"https:\/\/rechtsanwalt-legit.at\/uk\/wp-json\/wp\/v2\/types\/page"}],"author":[{"embeddable":true,"href":"https:\/\/rechtsanwalt-legit.at\/uk\/wp-json\/wp\/v2\/users\/1"}],"replies":[{"embeddable":true,"href":"https:\/\/rechtsanwalt-legit.at\/uk\/wp-json\/wp\/v2\/comments?post=3311"}],"version-history":[{"count":9,"href":"https:\/\/rechtsanwalt-legit.at\/uk\/wp-json\/wp\/v2\/pages\/3311\/revisions"}],"predecessor-version":[{"id":3583,"href":"https:\/\/rechtsanwalt-legit.at\/uk\/wp-json\/wp\/v2\/pages\/3311\/revisions\/3583"}],"wp:attachment":[{"href":"https:\/\/rechtsanwalt-legit.at\/uk\/wp-json\/wp\/v2\/media?parent=3311"}],"curies":[{"name":"wp","href":"https:\/\/api.w.org\/{rel}","templated":true}]}}